{"id":87,"date":"2018-09-05T13:30:56","date_gmt":"2018-09-05T11:30:56","guid":{"rendered":"http:\/\/cieparacosm.fr\/?page_id=87"},"modified":"2020-10-22T15:38:33","modified_gmt":"2020-10-22T13:38:33","slug":"pedt-ville-de-blagnac","status":"publish","type":"page","link":"https:\/\/cieparacosm.fr\/index.php\/ateliers\/pedt-ville-de-blagnac\/","title":{"rendered":"PEDT Ville de Blagnac"},"content":{"rendered":"\n<h1 class=\"wp-block-heading\" style=\"text-align:center\">Les PEDT<\/h1>\n\n\n\n<div style=\"height:26px\" aria-hidden=\"true\" class=\"wp-block-spacer\"><\/div>\n\n\n\n<p>Depuis 2016 la compagnie donne des ateliers dans les diff\u00e9rentes \u00e9coles de la ville de Blagnac sur les temps p\u00e9ri-scolaires des NAP dans le cadre du Projet \u00e9ducatif de territoire de la ville.<br><\/p>\n\n\n\n<ul class=\"wp-block-gallery columns-0 is-cropped wp-block-gallery-1 is-layout-flex wp-block-gallery-is-layout-flex\"><\/ul>\n\n\n\n<div style=\"height:40px\" aria-hidden=\"true\" class=\"wp-block-spacer\"><\/div>\n\n\n\n<div style=\"height:40px\" aria-hidden=\"true\" class=\"wp-block-spacer\"><\/div>\n\n\n\n<ul class=\"wp-block-gallery columns-0 is-cropped wp-block-gallery-2 is-layout-flex wp-block-gallery-is-layout-flex\"><\/ul>\n","protected":false},"excerpt":{"rendered":"<p>Les PEDT Depuis 2016 la compagnie donne des ateliers dans les diff\u00e9rentes \u00e9coles de la ville de Blagnac sur les temps p\u00e9ri-scolaires des NAP dans le cadre du Projet \u00e9ducatif de territoire de la ville.<\/p>\n","protected":false},"author":1,"featured_media":0,"parent":58,"menu_order":0,"comment_status":"closed","ping_status":"closed","template":"","meta":{"ngg_post_thumbnail":0,"footnotes":""},"class_list":["post-87","page","type-page","status-publish","hentry"],"_links":{"self":[{"href":"https:\/\/cieparacosm.fr\/index.php\/wp-json\/wp\/v2\/pages\/87","targetHints":{"allow":["GET"]}}],"collection":[{"href":"https:\/\/cieparacosm.fr\/index.php\/wp-json\/wp\/v2\/pages"}],"about":[{"href":"https:\/\/cieparacosm.fr\/index.php\/wp-json\/wp\/v2\/types\/page"}],"author":[{"embeddable":true,"href":"https:\/\/cieparacosm.fr\/index.php\/wp-json\/wp\/v2\/users\/1"}],"replies":[{"embeddable":true,"href":"https:\/\/cieparacosm.fr\/index.php\/wp-json\/wp\/v2\/comments?post=87"}],"version-history":[{"count":9,"href":"https:\/\/cieparacosm.fr\/index.php\/wp-json\/wp\/v2\/pages\/87\/revisions"}],"predecessor-version":[{"id":836,"href":"https:\/\/cieparacosm.fr\/index.php\/wp-json\/wp\/v2\/pages\/87\/revisions\/836"}],"up":[{"embeddable":true,"href":"https:\/\/cieparacosm.fr\/index.php\/wp-json\/wp\/v2\/pages\/58"}],"wp:attachment":[{"href":"https:\/\/cieparacosm.fr\/index.php\/wp-json\/wp\/v2\/media?parent=87"}],"curies":[{"name":"wp","href":"https:\/\/api.w.org\/{rel}","templated":true}]}}