{"id":79,"date":"2018-09-05T13:29:26","date_gmt":"2018-09-05T11:29:26","guid":{"rendered":"http:\/\/cieparacosm.fr\/?page_id=79"},"modified":"2024-03-05T13:23:24","modified_gmt":"2024-03-05T12:23:24","slug":"choregraphe","status":"publish","type":"page","link":"https:\/\/cieparacosm.fr\/index.php\/a-propos-de\/choregraphe\/","title":{"rendered":"St\u00e9phanie Bonnetot \/ Chor\u00e9graphe"},"content":{"rendered":"<p><\/p>\n<p style=\"text-align: justify;\">St\u00e9phanie Bonnetot est originaire de Bordeaux, apr\u00e8s des \u00e9tudes d\u2019interpr\u00e8te au CNSMD de Lyon, elle part danser en Europe pour de nombreuses compagnies aux styles vari\u00e9s.<\/p>\n<p> <\/p>\n<p style=\"text-align: justify;\">Interpr\u00e8te cam\u00e9l\u00e9on, qui s&rsquo;approprie les diff\u00e9rentes techniques des nombreux chor\u00e9graphes avec lesquels elle travaille, elle s\u2019engage tr\u00e8s vite dans la cr\u00e9ation et enseigne aux compagnies professionnelles. C\u2019est pendant cette p\u00e9riode riche de voyages et de rencontres, qu\u2019elle d\u00e9couvre le plaisir d&rsquo;aborder diff\u00e9rents publics et l&rsquo;envie de m\u00ealer son travail de chor\u00e9graphe \u00e0 celui de p\u00e9dagogue.<\/p>\n<p><\/p>\n<p style=\"text-align: justify;\">Elle collabore notamment avec : le Tanz Atelier Wien en Autriche (danse contact improvisation), le Tanztheather Osnabr\u00fcck, le Statdtheather Bielefeld, le Stadtheater Braunschweig, ou encore le club Guy and Roni en Hollande. Toutes ces compagnies ayant comme point commun un engagement physique important et donnant une grande part de cr\u00e9ation aux interpr\u00e8tes.<\/p>\n\n\n<p style=\"text-align: justify;\">De retour en France, elle devient danseuse et chor\u00e9graphe invit\u00e9e au sein de la CMN\/ L&rsquo;h\u00e9lice, puis chor\u00e9graphie en 2018 sa premi\u00e8re pi\u00e8ce jeune public <em>La Vague<\/em>.<\/p>\n\n\n\n<p style=\"text-align: justify;\">Egalement enseignante en danse contemporaine au Conservatoire de Blagnac jusqu&rsquo;en 2021, elle s&rsquo;implique \u00e9galement dans des actions de m\u00e9diation, en lien avec ses cr\u00e9ations, co-construites avec les acteurs culturels de la Ville : l\u2019Action Culturelle d\u2019Odyssud, le Cin\u00e9ma Rex, la Cie Cr\u00e9ature, le service d\u2019action culturelle de la ville de Blagnac, les \u00e9coles&#8230;<\/p>\n\n\n\n<p>C&rsquo;est ce parcours qui l&rsquo;am\u00e8ne \u00e0 fonder la Compagnie Paracosm.<\/p>\n\n\n\n<p style=\"text-align: justify;\">Aujourd\u2019hui, la Compagnie Paracosm entame sa cinqui\u00e8me ann\u00e9e de tourn\u00e9e avec <em>La Vague<\/em>, St\u00e9phanie est chor\u00e9graphe invit\u00e9e au Statdtheater Braunschweig, collabore avec le choeur des \u00ab\u00a0Conf\u00e9rences vocales\u00a0\u00bb, la saison 21-22 a vu na\u00eetre la nouvelle cr\u00e9ation<em> Shadow Sisters<\/em> avec la musicienne Marie Sigal et la prochaine pi\u00e8ce jeune public, <em>Dans moi<\/em> est en pr\u00e9paration pour 22\/23.<\/p>\n\n\n\n<div class=\"wp-block-columns is-layout-flex wp-container-core-columns-is-layout-9d6595d7 wp-block-columns-is-layout-flex\">\n<div class=\"wp-block-column is-layout-flow wp-block-column-is-layout-flow\"><\/div>\n\n\n\n<div class=\"wp-block-column is-layout-flow wp-block-column-is-layout-flow\">\n<p><\/p>\n\n\n\n<p><\/p>\n\n\n\n<p><\/p>\n\n\n\n<p><\/p>\n<\/div>\n<\/div>\n","protected":false},"excerpt":{"rendered":"<p>St\u00e9phanie Bonnetot est originaire de Bordeaux, apr\u00e8s des \u00e9tudes d\u2019interpr\u00e8te au CNSMD de Lyon, elle part danser en Europe pour de nombreuses compagnies aux styles vari\u00e9s. Interpr\u00e8te cam\u00e9l\u00e9on, qui s&rsquo;approprie les diff\u00e9rentes techniques des nombreux chor\u00e9graphes avec lesquels elle travaille, elle s\u2019engage tr\u00e8s vite dans la cr\u00e9ation et enseigne aux compagnies professionnelles. C\u2019est pendant cette&hellip;<\/p>\n<p><a class=\"more-link\" href=\"https:\/\/cieparacosm.fr\/index.php\/a-propos-de\/choregraphe\/\">Read More<\/a><\/p>\n","protected":false},"author":1,"featured_media":135,"parent":20,"menu_order":0,"comment_status":"closed","ping_status":"closed","template":"","meta":{"ngg_post_thumbnail":0,"footnotes":""},"class_list":["post-79","page","type-page","status-publish","has-post-thumbnail","hentry"],"_links":{"self":[{"href":"https:\/\/cieparacosm.fr\/index.php\/wp-json\/wp\/v2\/pages\/79","targetHints":{"allow":["GET"]}}],"collection":[{"href":"https:\/\/cieparacosm.fr\/index.php\/wp-json\/wp\/v2\/pages"}],"about":[{"href":"https:\/\/cieparacosm.fr\/index.php\/wp-json\/wp\/v2\/types\/page"}],"author":[{"embeddable":true,"href":"https:\/\/cieparacosm.fr\/index.php\/wp-json\/wp\/v2\/users\/1"}],"replies":[{"embeddable":true,"href":"https:\/\/cieparacosm.fr\/index.php\/wp-json\/wp\/v2\/comments?post=79"}],"version-history":[{"count":22,"href":"https:\/\/cieparacosm.fr\/index.php\/wp-json\/wp\/v2\/pages\/79\/revisions"}],"predecessor-version":[{"id":1707,"href":"https:\/\/cieparacosm.fr\/index.php\/wp-json\/wp\/v2\/pages\/79\/revisions\/1707"}],"up":[{"embeddable":true,"href":"https:\/\/cieparacosm.fr\/index.php\/wp-json\/wp\/v2\/pages\/20"}],"wp:featuredmedia":[{"embeddable":true,"href":"https:\/\/cieparacosm.fr\/index.php\/wp-json\/wp\/v2\/media\/135"}],"wp:attachment":[{"href":"https:\/\/cieparacosm.fr\/index.php\/wp-json\/wp\/v2\/media?parent=79"}],"curies":[{"name":"wp","href":"https:\/\/api.w.org\/{rel}","templated":true}]}}