{"id":768,"date":"2020-10-20T09:10:35","date_gmt":"2020-10-20T07:10:35","guid":{"rendered":"http:\/\/cieparacosm.fr\/?page_id=768"},"modified":"2025-06-02T15:16:44","modified_gmt":"2025-06-02T13:16:44","slug":"erd","status":"publish","type":"page","link":"https:\/\/cieparacosm.fr\/index.php\/erd\/","title":{"rendered":"ERD"},"content":{"rendered":"<h3 class=\"wp-block-preformatted\" style=\"text-align: center;\"><strong>ENTRA\u00ceNEMENTS R\u00c9GULIERS DU DANSEUR<\/strong><\/h3>\n\n\n<div class=\"wp-block-columns has-2-columns is-layout-flex wp-container-core-columns-is-layout-9d6595d7 wp-block-columns-is-layout-flex\">\n<div class=\"wp-block-column is-layout-flow wp-block-column-is-layout-flow\">\n<p><strong>Avec Johana Mal\u00e9don<\/strong><\/p>\n\n\n\n<p><strong>Du 16 au 19 juin 2025<\/strong><\/p>\n\n\n\n<figure class=\"wp-block-image size-full is-resized\"><img loading=\"lazy\" decoding=\"async\" width=\"1707\" height=\"2560\" src=\"https:\/\/cieparacosm.fr\/wp-content\/uploads\/2025\/06\/\u00a9Johana-Maledon-scaled.jpg\" alt=\"\" class=\"wp-image-1919\" style=\"width:340px;height:auto\" srcset=\"https:\/\/cieparacosm.fr\/wp-content\/uploads\/2025\/06\/\u00a9Johana-Maledon-scaled.jpg 1707w, https:\/\/cieparacosm.fr\/wp-content\/uploads\/2025\/06\/\u00a9Johana-Maledon-200x300.jpg 200w, https:\/\/cieparacosm.fr\/wp-content\/uploads\/2025\/06\/\u00a9Johana-Maledon-683x1024.jpg 683w, https:\/\/cieparacosm.fr\/wp-content\/uploads\/2025\/06\/\u00a9Johana-Maledon-768x1152.jpg 768w, https:\/\/cieparacosm.fr\/wp-content\/uploads\/2025\/06\/\u00a9Johana-Maledon-1024x1536.jpg 1024w, https:\/\/cieparacosm.fr\/wp-content\/uploads\/2025\/06\/\u00a9Johana-Maledon-1365x2048.jpg 1365w\" sizes=\"auto, (max-width: 1707px) 100vw, 1707px\" \/><\/figure>\n<\/div>\n\n\n\n<div class=\"wp-block-column is-layout-flow wp-block-column-is-layout-flow\">\n<pre class=\"wp-block-verse has-text-align-center\"><strong>Quand ?<\/strong> <br>Lundi \/ Mardi \/ Mercredi \/ Jeudi <br>de 10h30 \u00e0 12h00<\/pre>\n\n\n\n<pre class=\"wp-block-verse has-text-align-center\"><strong>O\u00f9 ?<\/strong> \nConservatoire R\u00e9sonance \n45 bd Alain Savary \/ 31700 Blagnac<\/pre>\n\n\n\n<pre class=\"wp-block-verse has-text-align-center\"><strong>Comment s\u2019y rendre&nbsp;?<\/strong>\n<em><strong>Tram<\/strong><\/em> ligne T1 arr\u00eat Androm\u00e8de\n<strong><em>Bus<\/em><\/strong> n\u00b070 arr\u00eat Androm\u00e8de - Lyc\u00e9e \n<strong><em>Voiture<\/em><\/strong> : parking lyc\u00e9e gratuit <\/pre>\n\n\n\n<pre class=\"wp-block-verse has-text-align-center\"><strong>Co\u00fbt ?<\/strong> <br>Adh\u00e9sion de 20 euros   <br><strong>Puis\u00a0:<\/strong> Semaine  4 cours : 20 euros  <br>Cours \u00e0 l\u2019unit\u00e9\u00a0: 6 euros<br><br><strong>LIEN INSCRIPTION<\/strong><br><a href=\" https:\/\/forms.gle\/mgEW9JUAcpC37WYr9 \"><strong> <\/strong>https:\/\/forms.gle\/mgEW9JUAcpC37WYr9 <\/a><br><\/pre>\n<\/div>\n<\/div>\n\n\n\n<h2 class=\"wp-block-heading\">Programmation ERD Saison 24-25<\/h2>\n\n\n\n<figure class=\"wp-block-gallery has-nested-images columns-default is-cropped wp-block-gallery-1 is-layout-flex wp-block-gallery-is-layout-flex\">\n<figure class=\"wp-block-image size-large\"><img loading=\"lazy\" decoding=\"async\" width=\"1024\" height=\"1024\" data-id=\"1787\" src=\"https:\/\/cieparacosm.fr\/wp-content\/uploads\/2024\/09\/1-1-1024x1024.jpg\" alt=\"\" class=\"wp-image-1787\" srcset=\"https:\/\/cieparacosm.fr\/wp-content\/uploads\/2024\/09\/1-1-1024x1024.jpg 1024w, https:\/\/cieparacosm.fr\/wp-content\/uploads\/2024\/09\/1-1-300x300.jpg 300w, https:\/\/cieparacosm.fr\/wp-content\/uploads\/2024\/09\/1-1-150x150.jpg 150w, https:\/\/cieparacosm.fr\/wp-content\/uploads\/2024\/09\/1-1-768x768.jpg 768w, https:\/\/cieparacosm.fr\/wp-content\/uploads\/2024\/09\/1-1.jpg 1080w\" sizes=\"auto, (max-width: 1024px) 100vw, 1024px\" \/><\/figure>\n\n\n\n<figure class=\"wp-block-image size-large\"><img loading=\"lazy\" decoding=\"async\" width=\"1024\" height=\"1024\" data-id=\"1786\" src=\"https:\/\/cieparacosm.fr\/wp-content\/uploads\/2024\/09\/2-1-1024x1024.jpg\" alt=\"\" class=\"wp-image-1786\" srcset=\"https:\/\/cieparacosm.fr\/wp-content\/uploads\/2024\/09\/2-1-1024x1024.jpg 1024w, https:\/\/cieparacosm.fr\/wp-content\/uploads\/2024\/09\/2-1-300x300.jpg 300w, https:\/\/cieparacosm.fr\/wp-content\/uploads\/2024\/09\/2-1-150x150.jpg 150w, https:\/\/cieparacosm.fr\/wp-content\/uploads\/2024\/09\/2-1-768x768.jpg 768w, https:\/\/cieparacosm.fr\/wp-content\/uploads\/2024\/09\/2-1.jpg 1080w\" sizes=\"auto, (max-width: 1024px) 100vw, 1024px\" \/><\/figure>\n<\/figure>\n\n\n\n<p><\/p>\n","protected":false},"excerpt":{"rendered":"<p>ENTRA\u00ceNEMENTS R\u00c9GULIERS DU DANSEUR Avec Johana Mal\u00e9don Du 16 au 19 juin 2025 Quand ? Lundi \/ Mardi \/ Mercredi \/ Jeudi de 10h30 \u00e0 12h00 O\u00f9 ? Conservatoire R\u00e9sonance 45 bd Alain Savary \/ 31700 Blagnac Comment s\u2019y rendre&nbsp;? Tram ligne T1 arr\u00eat Androm\u00e8de Bus n\u00b070 arr\u00eat Androm\u00e8de &#8211; Lyc\u00e9e Voiture : parking lyc\u00e9e&hellip;<\/p>\n<p><a class=\"more-link\" href=\"https:\/\/cieparacosm.fr\/index.php\/erd\/\">Read More<\/a><\/p>\n","protected":false},"author":2,"featured_media":0,"parent":0,"menu_order":0,"comment_status":"closed","ping_status":"closed","template":"","meta":{"ngg_post_thumbnail":0,"footnotes":""},"class_list":["post-768","page","type-page","status-publish","hentry"],"_links":{"self":[{"href":"https:\/\/cieparacosm.fr\/index.php\/wp-json\/wp\/v2\/pages\/768","targetHints":{"allow":["GET"]}}],"collection":[{"href":"https:\/\/cieparacosm.fr\/index.php\/wp-json\/wp\/v2\/pages"}],"about":[{"href":"https:\/\/cieparacosm.fr\/index.php\/wp-json\/wp\/v2\/types\/page"}],"author":[{"embeddable":true,"href":"https:\/\/cieparacosm.fr\/index.php\/wp-json\/wp\/v2\/users\/2"}],"replies":[{"embeddable":true,"href":"https:\/\/cieparacosm.fr\/index.php\/wp-json\/wp\/v2\/comments?post=768"}],"version-history":[{"count":63,"href":"https:\/\/cieparacosm.fr\/index.php\/wp-json\/wp\/v2\/pages\/768\/revisions"}],"predecessor-version":[{"id":1920,"href":"https:\/\/cieparacosm.fr\/index.php\/wp-json\/wp\/v2\/pages\/768\/revisions\/1920"}],"wp:attachment":[{"href":"https:\/\/cieparacosm.fr\/index.php\/wp-json\/wp\/v2\/media?parent=768"}],"curies":[{"name":"wp","href":"https:\/\/api.w.org\/{rel}","templated":true}]}}