{"id":600,"date":"2019-09-26T10:46:33","date_gmt":"2019-09-26T08:46:33","guid":{"rendered":"http:\/\/cieparacosm.fr\/?page_id=600"},"modified":"2020-10-23T16:35:16","modified_gmt":"2020-10-23T14:35:16","slug":"girls","status":"publish","type":"page","link":"https:\/\/cieparacosm.fr\/index.php\/ateliers\/girls\/","title":{"rendered":"Girls"},"content":{"rendered":"\n<p style=\"text-align:center\" class=\"has-text-color has-medium-font-size has-very-dark-gray-color\"><em>  <\/em><strong>GIRLS!<\/strong><br><em>Cr\u00e9ation 2019\/2020<br>Pour 9 danseuses et 13 musiciens amateurs<\/em><\/p>\n\n\n\n<div class=\"wp-block-image\"><figure class=\"alignleft is-resized\"><img loading=\"lazy\" decoding=\"async\" src=\"https:\/\/cieparacosm.fr\/wp-content\/uploads\/2019\/09\/Girls-767x1024.jpg\" alt=\"\" class=\"wp-image-602\" width=\"345\" height=\"460\" srcset=\"https:\/\/cieparacosm.fr\/wp-content\/uploads\/2019\/09\/Girls-767x1024.jpg 767w, https:\/\/cieparacosm.fr\/wp-content\/uploads\/2019\/09\/Girls-225x300.jpg 225w, https:\/\/cieparacosm.fr\/wp-content\/uploads\/2019\/09\/Girls-768x1025.jpg 768w\" sizes=\"auto, (max-width: 345px) 100vw, 345px\" \/><\/figure><\/div>\n\n\n\n<p><\/p>\n\n\n\n<p><strong>Dur\u00e9e :<\/strong> 30 minutes<br><strong>Chor\u00e9graphie :<\/strong> St\u00e9phanie Bonnetot<br><strong>Assistante \u00e0 la chor\u00e9graphie :<\/strong> Ys\u00e9 Broquin<br><strong>Cr\u00e9ation Musicale :<\/strong> Marie Sigal<br><strong>Interpr\u00e8tes danseurs :<\/strong> Arabet Julie, Blot Leloup Lila, Chevalier Marion, Chambron Camille, Colombel Daphn\u00e9, Etienne Camille, Ortega Gaelle, Spoerry Valentine, Vialleton Jeanne                                                     <br><strong>Interpr\u00e8tes Musiciens :<\/strong> Arabet Julie, Blot Leloup Lila, Chevalier Marion, Chambron Camille, Colombel Daphn\u00e9, Etienne Camille, Ortega Gaelle, Spoerry Valentine, Vialleton Jeanne                                                                                                    <\/p>\n\n\n\n<p><em>Girls ! <\/em>est un parcours chor\u00e9graphique et musical r\u00e9unissant les danseurs et les musiciens du conservatoire de Blagnac, ainsi qu\u2019un public ext\u00e9rieur, d\u00e9sirant partager le processus de cr\u00e9ation de la Cie Paracosm.<br>     A partir des th\u00e8mes abord\u00e9s dans <em><a href=\"https:\/\/cieparacosm.fr\/index.php\/spectacles\/en-creation\/shadow-sisters\/\">Shadow sisters <\/a><\/em> comme, la f\u00e9minit\u00e9, la repr\u00e9sentation du corps mais aussi le lien \u00e0 la famille et l\u2019appartenance \u00e0 un groupe, nous construirons pas \u00e0 pas et mots \u00e0 mots, une pi\u00e8ce qui sera donn\u00e9e lors d\u2019une soir\u00e9e partag\u00e9e avec la compagnie.<br> Quelles sont les causes qui les fait vibrer ? Celles pour lesquelles ils sont pr\u00eats \u00e0 s\u2019engager ? Quelles sont leurs figures tut\u00e9laires ? Que pensent-ils de nos combats actuels ? Se reconnaissent -ils dans les g\u00e9n\u00e9rations qui les pr\u00e9c\u00e8dent ? Comment s\u2019envisagent-ils dans le futur ?<br><em>Girls ! <\/em>tentera de faire un portait po\u00e9tique de ces interpr\u00e8tes.<\/p>\n\n\n\n<p><\/p>\n\n\n\n<p><br>Entre ateliers chor\u00e9graphiques, \u00e9criture de texte, et composition musicale, accompagn\u00e9s par St\u00e9phanie Bonnetot et Marie Sigal, il s\u2019agira de donner vie \u00e0 ses id\u00e9es, ses envies, son histoire\u2026 Se raconter en montant sur sc\u00e8ne, entre corps chantant et corps dansant, trouver la voix po\u00e9tique pour dire qui l\u2019on est \u2026 et le partager !<\/p>\n\n\n\n<p><\/p>\n\n\n\n<p><\/p>\n\n\n\n<p style=\"text-align:center\"><strong>Dates des Ateliers de cr\u00e9ation 2019\/2020<\/strong><\/p>\n\n\n\n<p style=\"text-align:center\">Les mercredis&nbsp;: 13 novembre \/ 11 d\u00e9cembre \/ 18 d\u00e9cembre \/ 22 janvier \/ 5 f\u00e9vrier \/ 26 f\u00e9vrier \/ 18 mars<br>Horaires&nbsp;: 18H30 \u2013 20H30<br><\/p>\n\n\n\n<div style=\"height:21px\" aria-hidden=\"true\" class=\"wp-block-spacer\"><\/div>\n\n\n\n<div class=\"wp-block-columns has-2-columns is-layout-flex wp-container-core-columns-is-layout-9d6595d7 wp-block-columns-is-layout-flex\">\n<div class=\"wp-block-column is-layout-flow wp-block-column-is-layout-flow\">\n<p style=\"text-align:center\">Samedi 22 F\u00e9vrier 16h\/19h<br>Dimanche 23 F\u00e9vrier 10h\/16h<\/p>\n\n\n\n<p style=\"text-align:center\">Samedi 14 Mars 16h\/19h<br>Dimanche 15 Mars 10h\/16h<\/p>\n\n\n\n<p style=\"text-align:center\">Samedi 12 Septembre 16h\/19h<br>Dimanche 13 Septembre 10h\/16h<\/p>\n<\/div>\n\n\n\n<div class=\"wp-block-column is-layout-flow wp-block-column-is-layout-flow\">\n<p style=\"text-align:center\">Samedi 10 Octobre 16h\/19h<br>Dimanche 11 Octobre 10h\/16h<\/p>\n\n\n\n<p style=\"text-align:center\">Samedi 14 Novembre 16h\/19h<br>Dimanche 15 Novembre 10h\/16h<\/p>\n\n\n\n<p style=\"text-align:center\">Samedi 12 d\u00e9cembre 16h\/19h<br>Dimanche 13 d\u00e9cembre 10h\/16h<\/p>\n<\/div>\n<\/div>\n\n\n\n<div style=\"height:21px\" aria-hidden=\"true\" class=\"wp-block-spacer\"><\/div>\n\n\n\n<p style=\"text-align:center\"><strong>Restitution&nbsp;:&nbsp;<\/strong>Dimanche 17 janvier 2021 \u00e0 19h Studio B\u00e9jart \/ Conservatoire de Musique et de danse de Blagnac<\/p>\n\n\n\n<div style=\"height:21px\" aria-hidden=\"true\" class=\"wp-block-spacer\"><\/div>\n\n\n\n<ul class=\"wp-block-gallery columns-3 is-cropped wp-block-gallery-1 is-layout-flex wp-block-gallery-is-layout-flex\"><li class=\"blocks-gallery-item\"><figure><img loading=\"lazy\" decoding=\"async\" width=\"1024\" height=\"768\" src=\"https:\/\/cieparacosm.fr\/wp-content\/uploads\/2020\/10\/LP202370-1024x768.jpeg\" alt=\"\" data-id=\"818\" class=\"wp-image-818\" srcset=\"https:\/\/cieparacosm.fr\/wp-content\/uploads\/2020\/10\/LP202370-1024x768.jpeg 1024w, https:\/\/cieparacosm.fr\/wp-content\/uploads\/2020\/10\/LP202370-300x225.jpeg 300w, https:\/\/cieparacosm.fr\/wp-content\/uploads\/2020\/10\/LP202370-768x576.jpeg 768w, https:\/\/cieparacosm.fr\/wp-content\/uploads\/2020\/10\/LP202370.jpeg 1154w\" sizes=\"auto, (max-width: 1024px) 100vw, 1024px\" \/><\/figure><\/li><li class=\"blocks-gallery-item\"><figure><img loading=\"lazy\" decoding=\"async\" width=\"675\" height=\"900\" src=\"https:\/\/cieparacosm.fr\/wp-content\/uploads\/2020\/10\/SYU23786-1.jpeg\" alt=\"\" data-id=\"822\" data-link=\"https:\/\/cieparacosm.fr\/index.php\/ateliers\/girls\/syu23786-1\/\" class=\"wp-image-822\" srcset=\"https:\/\/cieparacosm.fr\/wp-content\/uploads\/2020\/10\/SYU23786-1.jpeg 675w, https:\/\/cieparacosm.fr\/wp-content\/uploads\/2020\/10\/SYU23786-1-225x300.jpeg 225w\" sizes=\"auto, (max-width: 675px) 100vw, 675px\" \/><\/figure><\/li><li class=\"blocks-gallery-item\"><figure><img loading=\"lazy\" decoding=\"async\" width=\"290\" height=\"396\" src=\"https:\/\/cieparacosm.fr\/wp-content\/uploads\/2020\/10\/LP190177.jpeg\" alt=\"\" data-id=\"823\" data-link=\"https:\/\/cieparacosm.fr\/index.php\/ateliers\/girls\/lp190177\/\" class=\"wp-image-823\" srcset=\"https:\/\/cieparacosm.fr\/wp-content\/uploads\/2020\/10\/LP190177.jpeg 290w, https:\/\/cieparacosm.fr\/wp-content\/uploads\/2020\/10\/LP190177-220x300.jpeg 220w\" sizes=\"auto, (max-width: 290px) 100vw, 290px\" \/><\/figure><\/li><li class=\"blocks-gallery-item\"><figure><img loading=\"lazy\" decoding=\"async\" width=\"1024\" height=\"768\" src=\"https:\/\/cieparacosm.fr\/wp-content\/uploads\/2020\/10\/LPPF4502-1024x768.jpeg\" alt=\"\" data-id=\"824\" data-link=\"https:\/\/cieparacosm.fr\/index.php\/ateliers\/girls\/lppf4502\/\" class=\"wp-image-824\" srcset=\"https:\/\/cieparacosm.fr\/wp-content\/uploads\/2020\/10\/LPPF4502-1024x768.jpeg 1024w, https:\/\/cieparacosm.fr\/wp-content\/uploads\/2020\/10\/LPPF4502-300x225.jpeg 300w, https:\/\/cieparacosm.fr\/wp-content\/uploads\/2020\/10\/LPPF4502-768x576.jpeg 768w, https:\/\/cieparacosm.fr\/wp-content\/uploads\/2020\/10\/LPPF4502.jpeg 1154w\" sizes=\"auto, (max-width: 1024px) 100vw, 1024px\" \/><\/figure><\/li><li class=\"blocks-gallery-item\"><figure><img loading=\"lazy\" decoding=\"async\" width=\"768\" height=\"1024\" src=\"https:\/\/cieparacosm.fr\/wp-content\/uploads\/2020\/10\/LPPF4497-768x1024.jpeg\" alt=\"\" data-id=\"825\" data-link=\"https:\/\/cieparacosm.fr\/index.php\/ateliers\/girls\/lppf4497\/\" class=\"wp-image-825\" srcset=\"https:\/\/cieparacosm.fr\/wp-content\/uploads\/2020\/10\/LPPF4497-768x1024.jpeg 768w, https:\/\/cieparacosm.fr\/wp-content\/uploads\/2020\/10\/LPPF4497-225x300.jpeg 225w, https:\/\/cieparacosm.fr\/wp-content\/uploads\/2020\/10\/LPPF4497.jpeg 866w\" sizes=\"auto, (max-width: 768px) 100vw, 768px\" \/><\/figure><\/li><li class=\"blocks-gallery-item\"><figure><img loading=\"lazy\" decoding=\"async\" width=\"768\" height=\"1024\" src=\"https:\/\/cieparacosm.fr\/wp-content\/uploads\/2020\/10\/LPPF4503-768x1024.jpeg\" alt=\"\" data-id=\"826\" data-link=\"https:\/\/cieparacosm.fr\/index.php\/ateliers\/girls\/lppf4503\/\" class=\"wp-image-826\" srcset=\"https:\/\/cieparacosm.fr\/wp-content\/uploads\/2020\/10\/LPPF4503-768x1024.jpeg 768w, https:\/\/cieparacosm.fr\/wp-content\/uploads\/2020\/10\/LPPF4503-225x300.jpeg 225w, https:\/\/cieparacosm.fr\/wp-content\/uploads\/2020\/10\/LPPF4503.jpeg 866w\" sizes=\"auto, (max-width: 768px) 100vw, 768px\" \/><\/figure><\/li><li class=\"blocks-gallery-item\"><figure><img loading=\"lazy\" decoding=\"async\" width=\"900\" height=\"675\" src=\"https:\/\/cieparacosm.fr\/wp-content\/uploads\/2020\/10\/SYU23739-1.jpeg\" alt=\"\" data-id=\"827\" data-link=\"https:\/\/cieparacosm.fr\/index.php\/ateliers\/girls\/syu23739-1\/\" class=\"wp-image-827\" srcset=\"https:\/\/cieparacosm.fr\/wp-content\/uploads\/2020\/10\/SYU23739-1.jpeg 900w, https:\/\/cieparacosm.fr\/wp-content\/uploads\/2020\/10\/SYU23739-1-300x225.jpeg 300w, https:\/\/cieparacosm.fr\/wp-content\/uploads\/2020\/10\/SYU23739-1-768x576.jpeg 768w\" sizes=\"auto, (max-width: 900px) 100vw, 900px\" \/><\/figure><\/li><li class=\"blocks-gallery-item\"><figure><img loading=\"lazy\" decoding=\"async\" width=\"675\" height=\"900\" src=\"https:\/\/cieparacosm.fr\/wp-content\/uploads\/2020\/10\/SYU23740-1.jpeg\" alt=\"\" data-id=\"828\" data-link=\"https:\/\/cieparacosm.fr\/index.php\/ateliers\/girls\/syu23740-1\/\" class=\"wp-image-828\" srcset=\"https:\/\/cieparacosm.fr\/wp-content\/uploads\/2020\/10\/SYU23740-1.jpeg 675w, https:\/\/cieparacosm.fr\/wp-content\/uploads\/2020\/10\/SYU23740-1-225x300.jpeg 225w\" sizes=\"auto, (max-width: 675px) 100vw, 675px\" \/><\/figure><\/li><li class=\"blocks-gallery-item\"><figure><img loading=\"lazy\" decoding=\"async\" width=\"900\" height=\"675\" src=\"https:\/\/cieparacosm.fr\/wp-content\/uploads\/2020\/10\/SYU23771.jpeg\" alt=\"\" data-id=\"829\" data-link=\"https:\/\/cieparacosm.fr\/index.php\/ateliers\/girls\/syu23771\/\" class=\"wp-image-829\" srcset=\"https:\/\/cieparacosm.fr\/wp-content\/uploads\/2020\/10\/SYU23771.jpeg 900w, https:\/\/cieparacosm.fr\/wp-content\/uploads\/2020\/10\/SYU23771-300x225.jpeg 300w, https:\/\/cieparacosm.fr\/wp-content\/uploads\/2020\/10\/SYU23771-768x576.jpeg 768w\" sizes=\"auto, (max-width: 900px) 100vw, 900px\" \/><\/figure><\/li><\/ul>\n\n\n\n<p style=\"text-align:center\"><strong>Partenaires : <\/strong>Le Conservatoire de Blagnac et Odyssud Spectacle<\/p>\n","protected":false},"excerpt":{"rendered":"<p>GIRLS!Cr\u00e9ation 2019\/2020Pour 9 danseuses et 13 musiciens amateurs Dur\u00e9e : 30 minutesChor\u00e9graphie : St\u00e9phanie BonnetotAssistante \u00e0 la chor\u00e9graphie : Ys\u00e9 BroquinCr\u00e9ation Musicale : Marie SigalInterpr\u00e8tes danseurs : Arabet Julie, Blot Leloup Lila, Chevalier Marion, Chambron Camille, Colombel Daphn\u00e9, Etienne Camille, Ortega Gaelle, Spoerry Valentine, Vialleton Jeanne Interpr\u00e8tes Musiciens : Arabet Julie, Blot Leloup Lila, Chevalier&hellip;<\/p>\n<p><a class=\"more-link\" href=\"https:\/\/cieparacosm.fr\/index.php\/ateliers\/girls\/\">Read More<\/a><\/p>\n","protected":false},"author":2,"featured_media":0,"parent":58,"menu_order":0,"comment_status":"closed","ping_status":"closed","template":"","meta":{"ngg_post_thumbnail":0,"footnotes":""},"class_list":["post-600","page","type-page","status-publish","hentry"],"_links":{"self":[{"href":"https:\/\/cieparacosm.fr\/index.php\/wp-json\/wp\/v2\/pages\/600","targetHints":{"allow":["GET"]}}],"collection":[{"href":"https:\/\/cieparacosm.fr\/index.php\/wp-json\/wp\/v2\/pages"}],"about":[{"href":"https:\/\/cieparacosm.fr\/index.php\/wp-json\/wp\/v2\/types\/page"}],"author":[{"embeddable":true,"href":"https:\/\/cieparacosm.fr\/index.php\/wp-json\/wp\/v2\/users\/2"}],"replies":[{"embeddable":true,"href":"https:\/\/cieparacosm.fr\/index.php\/wp-json\/wp\/v2\/comments?post=600"}],"version-history":[{"count":22,"href":"https:\/\/cieparacosm.fr\/index.php\/wp-json\/wp\/v2\/pages\/600\/revisions"}],"predecessor-version":[{"id":830,"href":"https:\/\/cieparacosm.fr\/index.php\/wp-json\/wp\/v2\/pages\/600\/revisions\/830"}],"up":[{"embeddable":true,"href":"https:\/\/cieparacosm.fr\/index.php\/wp-json\/wp\/v2\/pages\/58"}],"wp:attachment":[{"href":"https:\/\/cieparacosm.fr\/index.php\/wp-json\/wp\/v2\/media?parent=600"}],"curies":[{"name":"wp","href":"https:\/\/api.w.org\/{rel}","templated":true}]}}