{"id":58,"date":"2018-08-30T23:56:59","date_gmt":"2018-08-30T21:56:59","guid":{"rendered":"http:\/\/cieparacosm.fr\/?page_id=58"},"modified":"2024-03-06T11:08:29","modified_gmt":"2024-03-06T10:08:29","slug":"ateliers","status":"publish","type":"page","link":"https:\/\/cieparacosm.fr\/index.php\/ateliers\/","title":{"rendered":"Actions culturelles"},"content":{"rendered":"\n<h1 class=\"has-text-align-center wp-block-heading\">Actions Culturelles<\/h1>\n\n\n\n<div class=\"wp-block-columns is-layout-flex wp-container-core-columns-is-layout-9d6595d7 wp-block-columns-is-layout-flex\">\n<div class=\"wp-block-column is-layout-flow wp-block-column-is-layout-flow\" style=\"flex-basis:100%\">\n<p style=\"text-align: justify;\">Ces temps de rencontre et d&rsquo;\u00e9change sont au coeur du travail de la compagnie. Ce sont des moments de partage, d&rsquo;\u00e9coute et d&rsquo;exp\u00e9rimentation qui permettent \u00e0 tous ceux qui y participent (Compagnie et public) de s&rsquo;interroger et de se d\u00e9couvrir dans un cadre bienveillant.<\/p>\n<p style=\"text-align: justify;\">Nos propositions sont multiformes et se construisent avec les partenaires qui nous accueillent. De l&rsquo;atelier de sensibilisation \u00e0 la danse contemporaine au parcours plus long ancr\u00e9 sur un territoire, nous continuons de chercher et d&rsquo;inventer de nouvelles formes de propositions de m\u00e9diation.<\/p>\n<p style=\"text-align: justify;\">N\u2019h\u00e9sitez pas \u00e0 nous <a href=\"https:\/\/cieparacosm.fr\/index.php\/contact\/\">contacter<\/a> pour que nous inventions ensemble votre rencontre avec la Compagnie<\/p>\n<\/div>\n<\/div>\n\n\n\n<p><strong>\u2192 Autour des spectacles<\/strong><\/p>\n<p style=\"text-align: justify;\">Tous les spectacles de la compagnie sont imagin\u00e9s en lien avec des parcours de m\u00e9diation. Ces temps d&rsquo;ateliers de dur\u00e9e variable peuvent avoir lieu avant ou apr\u00e8s la d\u00e9couverte du spectacle, et permettent aux spectateurs de s&#8217;emparer de la proposition artistique.&nbsp;<\/p>\n<ul>\n<li>Ateliers parents \/ enfants<\/li>\n<li>Bords plateau<\/li>\n<li>Ateliers sur sc\u00e8ne apr\u00e8s le spectacle<\/li>\n<li>Ateliers dans les \u00e9coles<\/li>\n<li>Lectures dans\u00e9es<\/li>\n<\/ul>\n<p>Nous apportons un soin tout particulier \u00e0 la construction de nos dossiers p\u00e9dagogiques, dans lequel vous trouverez de nombreuses pistes afin de prolonger l&rsquo;exp\u00e9rience artistique en classe.<\/p>\n<p>&nbsp;<\/p>\n\n\n<p><strong>\u2192 Projet de territoire<\/strong><\/p>\n\n\n<p><\/p>\n","protected":false},"excerpt":{"rendered":"<p>Actions Culturelles Ces temps de rencontre et d&rsquo;\u00e9change sont au coeur du travail de la compagnie. Ce sont des moments de partage, d&rsquo;\u00e9coute et d&rsquo;exp\u00e9rimentation qui permettent \u00e0 tous ceux qui y participent (Compagnie et public) de s&rsquo;interroger et de se d\u00e9couvrir dans un cadre bienveillant. Nos propositions sont multiformes et se construisent avec les&hellip;<\/p>\n<p><a class=\"more-link\" href=\"https:\/\/cieparacosm.fr\/index.php\/ateliers\/\">Read More<\/a><\/p>\n","protected":false},"author":1,"featured_media":0,"parent":0,"menu_order":0,"comment_status":"closed","ping_status":"closed","template":"","meta":{"ngg_post_thumbnail":0,"footnotes":""},"class_list":["post-58","page","type-page","status-publish","hentry"],"_links":{"self":[{"href":"https:\/\/cieparacosm.fr\/index.php\/wp-json\/wp\/v2\/pages\/58","targetHints":{"allow":["GET"]}}],"collection":[{"href":"https:\/\/cieparacosm.fr\/index.php\/wp-json\/wp\/v2\/pages"}],"about":[{"href":"https:\/\/cieparacosm.fr\/index.php\/wp-json\/wp\/v2\/types\/page"}],"author":[{"embeddable":true,"href":"https:\/\/cieparacosm.fr\/index.php\/wp-json\/wp\/v2\/users\/1"}],"replies":[{"embeddable":true,"href":"https:\/\/cieparacosm.fr\/index.php\/wp-json\/wp\/v2\/comments?post=58"}],"version-history":[{"count":17,"href":"https:\/\/cieparacosm.fr\/index.php\/wp-json\/wp\/v2\/pages\/58\/revisions"}],"predecessor-version":[{"id":1766,"href":"https:\/\/cieparacosm.fr\/index.php\/wp-json\/wp\/v2\/pages\/58\/revisions\/1766"}],"wp:attachment":[{"href":"https:\/\/cieparacosm.fr\/index.php\/wp-json\/wp\/v2\/media?parent=58"}],"curies":[{"name":"wp","href":"https:\/\/api.w.org\/{rel}","templated":true}]}}