{"id":20,"date":"2018-08-30T23:00:18","date_gmt":"2018-08-30T21:00:18","guid":{"rendered":"http:\/\/cieparacosm.fr\/?page_id=20"},"modified":"2024-03-05T13:32:24","modified_gmt":"2024-03-05T12:32:24","slug":"a-propos-de","status":"publish","type":"page","link":"https:\/\/cieparacosm.fr\/index.php\/a-propos-de\/","title":{"rendered":"Paracosm"},"content":{"rendered":"<p><span style=\"color: #1d33c1;\"><strong>Bref Historique<\/strong><\/span><\/p>\n\n\n<p style=\"text-align: justify;\">Tout d\u00e9marre en 2017 avec l&rsquo;\u00e9criture du spectacle jeune public <strong><em>La Vague<\/em><\/strong>. Cette pi\u00e8ce, qui a vu le jour lors d&rsquo;ateliers men\u00e9s dans le cadre scolaire, a \u00e9t\u00e9 soutenue, accueillie en r\u00e9sidence de cr\u00e9ation et co-produite par la Cie CMN\/L\u2019h\u00e9lice. Le succ\u00e8s de cette premi\u00e8re proposition lance le d\u00e9but de l&rsquo;aventure Paracosm en 2018.<\/p>\n\n\n\n<p style=\"text-align: justify;\">La m\u00eame ann\u00e9e, St\u00e9phanie est invit\u00e9e par la chor\u00e9graphe Myriam Naisy \u00e0 cr\u00e9er une pi\u00e8ce pour les 30 ans de la Cie CMN\/L&rsquo;H\u00e9lice \u00e0 Odyssud (Blagnac). C\u2019est la cr\u00e9ation de la version courte de <strong><em>Shadow Sisters<\/em><\/strong>. Depuis, 2 autres pi\u00e8ces ont vu le jour : <em><strong>Dans moi<\/strong><\/em>, une aventure chor\u00e9graphique autour de la figure de l&rsquo;ogre et <strong><em>Ma M\u00e8re l&rsquo;oye<\/em><\/strong>, d\u00e9ambulation po\u00e9tique pour les lieux non d\u00e9di\u00e9s.<\/p>\n\n\n\n<p style=\"text-align: justify;\">Aujourd&rsquo;hui, St\u00e9phanie poursuit son travail de recherche et de cr\u00e9ation \u00e0 destination du jeune public tout en encrant la pr\u00e9sence de la Compagnie sur la ville de Blagnac qui la soutient depuis les pr\u00e9mices de la cr\u00e9ation de la compagnie.<\/p>\n\n\n<p><span style=\"color: #1d33c1;\"><strong>Paracosm ?<\/strong><\/span><\/p>\n<p style=\"text-align: justify;\"><em>\u00ab&nbsp;Un <strong>PARACOSM<\/strong> est un monde imagin\u00e9 par un enfant et qui est r\u00e9gi par ses propres normes, son propre langage, sa propre histoire, g\u00e9ographie, architecture\u2026 C\u2019est une exp\u00e9rience qui se d\u00e9veloppe pendant l\u2019enfance et qui se poursuit souvent \u00e0 l\u2019\u00e2ge adulte.&nbsp;\u00bb<\/em><\/p>\n<p style=\"text-align: justify;\">Le travail de cr\u00e9ation de la Compagnie aborde des th\u00e8mes tel que l\u2019enfance, le lien \u00e0 la famille, la f\u00e9minit\u00e9, le rapport au corps. Nous explorons l\u2019intime et les rapports humains, par le biais d\u2019un langage doux et po\u00e9tique pour cultiver l\u2019imaginaire, cr\u00e9er du lien, \u00e9veiller la r\u00e9flexion et l\u2019empathie. Chaque pi\u00e8ce est un monde \u00e0 part enti\u00e8re, tous les \u00e9l\u00e9ments qui la composent (lumi\u00e8re, musique, sc\u00e9nographie, chor\u00e9graphie, costumes\u2026) sont des vecteurs d\u2019\u00e9motions, de sens, entre la chor\u00e9graphe et les spectateurs.<\/p>\n<p style=\"text-align: justify;\">Un des axes majeurs de notre travail est la transmission. Toujours dans l\u2019optique de cr\u00e9er du lien, mais \u00e9galement d\u2019\u00e9tablir et de faire \u00e9clore le principe d\u2019un discours artistique dans le quotidien. Sur ce principe, toutes les cr\u00e9ations de la Compagnie sont imagin\u00e9es en lien avec des actions de m\u00e9diation culturelle et des parcours en milieu scolaire. Les rencontres avec les spectateurs, les stages aupr\u00e8s des publics amateurs et professionnels, les laboratoires de recherche, la cr\u00e9ation pour les amateurs, font partis de l\u2019ADN de la Compagnie !<\/p>\n<h5 style=\"text-align: justify;\"><span style=\"color: #1d33c1;\"><span style=\"caret-color: #1d33c1;\"><b>\u2192 &nbsp;<a href=\"https:\/\/cieparacosm.fr\/index.php\/a-propos-de\/choregraphe\/\">Stephanie Bonnetot<\/a><\/b><\/span><\/span><\/h5>\n<h5 style=\"text-align: justify;\"><span style=\"color: #1d33c1;\"><span style=\"caret-color: #1d33c1;\"><b><span style=\"color: #1d33c1;\">\u2192&nbsp;<a href=\"https:\/\/cieparacosm.fr\/index.php\/a-propos-de\/lequipe\/\"> L&rsquo;\u00e9quipe de la compagnie<\/a><\/span><\/b><\/span><\/span><\/h5>\n<p>&nbsp;<\/p>\n<p style=\"text-align: justify;\"><!-- \/wp:post-content --><\/p>\n<p>&nbsp;<\/p>\n<p>&nbsp;<\/p>","protected":false},"excerpt":{"rendered":"<p>Bref Historique Tout d\u00e9marre en 2017 avec l&rsquo;\u00e9criture du spectacle jeune public La Vague. Cette pi\u00e8ce, qui a vu le jour lors d&rsquo;ateliers men\u00e9s dans le cadre scolaire, a \u00e9t\u00e9 soutenue, accueillie en r\u00e9sidence de cr\u00e9ation et co-produite par la Cie CMN\/L\u2019h\u00e9lice. Le succ\u00e8s de cette premi\u00e8re proposition lance le d\u00e9but de l&rsquo;aventure Paracosm en&hellip;<\/p>\n<p><a class=\"more-link\" href=\"https:\/\/cieparacosm.fr\/index.php\/a-propos-de\/\">Read More<\/a><\/p>\n","protected":false},"author":1,"featured_media":0,"parent":0,"menu_order":0,"comment_status":"closed","ping_status":"closed","template":"","meta":{"ngg_post_thumbnail":0,"footnotes":""},"class_list":["post-20","page","type-page","status-publish","hentry"],"_links":{"self":[{"href":"https:\/\/cieparacosm.fr\/index.php\/wp-json\/wp\/v2\/pages\/20","targetHints":{"allow":["GET"]}}],"collection":[{"href":"https:\/\/cieparacosm.fr\/index.php\/wp-json\/wp\/v2\/pages"}],"about":[{"href":"https:\/\/cieparacosm.fr\/index.php\/wp-json\/wp\/v2\/types\/page"}],"author":[{"embeddable":true,"href":"https:\/\/cieparacosm.fr\/index.php\/wp-json\/wp\/v2\/users\/1"}],"replies":[{"embeddable":true,"href":"https:\/\/cieparacosm.fr\/index.php\/wp-json\/wp\/v2\/comments?post=20"}],"version-history":[{"count":36,"href":"https:\/\/cieparacosm.fr\/index.php\/wp-json\/wp\/v2\/pages\/20\/revisions"}],"predecessor-version":[{"id":1711,"href":"https:\/\/cieparacosm.fr\/index.php\/wp-json\/wp\/v2\/pages\/20\/revisions\/1711"}],"wp:attachment":[{"href":"https:\/\/cieparacosm.fr\/index.php\/wp-json\/wp\/v2\/media?parent=20"}],"curies":[{"name":"wp","href":"https:\/\/api.w.org\/{rel}","templated":true}]}}