{"id":1288,"date":"2023-06-06T15:53:27","date_gmt":"2023-06-06T13:53:27","guid":{"rendered":"http:\/\/cieparacosm.fr\/?page_id=1288"},"modified":"2025-03-09T17:45:04","modified_gmt":"2025-03-09T16:45:04","slug":"dans-moi","status":"publish","type":"page","link":"https:\/\/cieparacosm.fr\/index.php\/spectacles\/dans-moi\/","title":{"rendered":"Dans Moi"},"content":{"rendered":"\n<figure class=\"wp-block-image size-large is-resized\"><img loading=\"lazy\" decoding=\"async\" width=\"1024\" height=\"205\" src=\"https:\/\/cieparacosm.fr\/wp-content\/uploads\/2025\/03\/Capture-decran-2025-03-09-a-17.03.14-1024x205.png\" alt=\"\" class=\"wp-image-1889\" style=\"width:460px;height:auto\" srcset=\"https:\/\/cieparacosm.fr\/wp-content\/uploads\/2025\/03\/Capture-decran-2025-03-09-a-17.03.14-1024x205.png 1024w, https:\/\/cieparacosm.fr\/wp-content\/uploads\/2025\/03\/Capture-decran-2025-03-09-a-17.03.14-300x60.png 300w, https:\/\/cieparacosm.fr\/wp-content\/uploads\/2025\/03\/Capture-decran-2025-03-09-a-17.03.14-768x154.png 768w, https:\/\/cieparacosm.fr\/wp-content\/uploads\/2025\/03\/Capture-decran-2025-03-09-a-17.03.14.png 1140w\" sizes=\"auto, (max-width: 1024px) 100vw, 1024px\" \/><\/figure>\n\n\n\n<figure class=\"wp-block-image size-large\"><img loading=\"lazy\" decoding=\"async\" width=\"1024\" height=\"641\" src=\"https:\/\/cieparacosm.fr\/wp-content\/uploads\/2023\/03\/cropped-Dans-Moi-1-\u00a9LionelPesque-1024x641.jpg\" alt=\"\" class=\"wp-image-1346\" srcset=\"https:\/\/cieparacosm.fr\/wp-content\/uploads\/2023\/03\/cropped-Dans-Moi-1-\u00a9LionelPesque-1024x641.jpg 1024w, https:\/\/cieparacosm.fr\/wp-content\/uploads\/2023\/03\/cropped-Dans-Moi-1-\u00a9LionelPesque-300x188.jpg 300w, https:\/\/cieparacosm.fr\/wp-content\/uploads\/2023\/03\/cropped-Dans-Moi-1-\u00a9LionelPesque-768x480.jpg 768w, https:\/\/cieparacosm.fr\/wp-content\/uploads\/2023\/03\/cropped-Dans-Moi-1-\u00a9LionelPesque-1536x961.jpg 1536w, https:\/\/cieparacosm.fr\/wp-content\/uploads\/2023\/03\/cropped-Dans-Moi-1-\u00a9LionelPesque.jpg 1920w\" sizes=\"auto, (max-width: 1024px) 100vw, 1024px\" \/><\/figure>\n\n\n<div class=\"wp-block-image\">\n<figure class=\"aligncenter size-large is-resized\"><img loading=\"lazy\" decoding=\"async\" width=\"1024\" height=\"129\" src=\"https:\/\/cieparacosm.fr\/wp-content\/uploads\/2025\/03\/Capture-decran-2025-03-09-a-17.07.53-1024x129.png\" alt=\"\" class=\"wp-image-1894\" style=\"width:532px;height:auto\" srcset=\"https:\/\/cieparacosm.fr\/wp-content\/uploads\/2025\/03\/Capture-decran-2025-03-09-a-17.07.53-1024x129.png 1024w, https:\/\/cieparacosm.fr\/wp-content\/uploads\/2025\/03\/Capture-decran-2025-03-09-a-17.07.53-300x38.png 300w, https:\/\/cieparacosm.fr\/wp-content\/uploads\/2025\/03\/Capture-decran-2025-03-09-a-17.07.53-768x97.png 768w, https:\/\/cieparacosm.fr\/wp-content\/uploads\/2025\/03\/Capture-decran-2025-03-09-a-17.07.53.png 1508w\" sizes=\"auto, (max-width: 1024px) 100vw, 1024px\" \/><\/figure><\/div>\n\n\n<p style=\"text-align: justify;\">Cr\u00e9ation 2023 pour 2 interpr\u00e8tes \/ Dur\u00e9e 45 minutes<\/p>\n<p style=\"text-align: justify;\">Chor\u00e9graphie : St\u00e9phanie Bonnetot \/ Assistante \u00e0 la chor\u00e9graphie : Ys\u00e9 Broquin \/ Cr\u00e9ation Musicale : Marie Sigal \/ Cr\u00e9ation Lumi\u00e8re : Manfred Armand \/ Cr\u00e9ation sc\u00e9nographie et costumes : Noelle Camus \/ Regard ext\u00e9rieur : Lou Broquin \/ Photos : Lionel Pesqu\u00e9&nbsp;<\/p>\n<p style=\"text-align: justify;\">Coproduction : Odyssud Spectacles \/ R\u00e9sidence : L&rsquo;Escale Tournefeuille &#8211; Centre culturel Bonnefoy &#8211; Odyssud Spectacles &#8211; Conservatoire R\u00e9sonance &#8211; Centre Culturel le Kiwi &#8211; L&rsquo;Onyx, Plaisance du Touch Pi\u00e8ce Librement inspir\u00e9e de l&rsquo;album \u00e9ponyme Dans moi, de l&rsquo;auteur Alex Cousseau et Kitty Crowther aux \u00e9ditions Memo<\/p>\n\n\n\n<h3 class=\"wp-block-heading\">Le spectacle<\/h3>\n\n\n\n<p style=\"text-align: justify;\"><em><strong>Dans moi <\/strong><\/em>est une pi\u00e8ce qui raconte une histoire \u00e0 la fois tr\u00e8s intime et universelle, celle de la rencontre que l&rsquo;on fait tous un jour en grandissant, l&rsquo;histoire de la rencontre avec soi-m\u00eame. Un enfant curieux et courageux, a l&rsquo;\u00e9trange sensation de ne pas \u00eatre compl\u00e8tement \u00ab\u00a0le roi\u00a0\u00bb en lui. Il va tout faire pour trouver le responsable et le remettre \u00e0 sa place avant qu&rsquo;il ne soit trop tard.<\/p>\n<p style=\"text-align: justify;\">Tout au long de ce voyage initiatique, l&rsquo;intensit\u00e9, la complexit\u00e9 des \u00e9motions et de ce qui entourent l&rsquo;enfant se r\u00e9v\u00e8lent parfois effrayantes. Toutes ces choses presque illisibles, prennent ici l&rsquo;apparence d&rsquo;un ogre, qu&rsquo;il faudra affronter pour se retrouver. Au bout de cette route atypique, l&rsquo;affirmation de soi, la conqu\u00eate d&rsquo;un moi, l&rsquo;\u00e9garement et l&rsquo;errance qui s&rsquo;\u00e9vaporent pour laisser place \u00e0 un \u00eatre qui aura bien encore des chemins \u00e0 emprunter pour se construire, mais qui sortira plus riche de ce \u00ab\u00a0combat\u00a0\u00bb qui n&rsquo;a rien d&rsquo;ordinaire.<\/p>\n\n\n\n<p>L&rsquo;histoire de toute une vie&#8230;<em><br><\/em><\/p>\n\n\n\n<div class=\"wp-block-buttons is-layout-flex wp-block-buttons-is-layout-flex\">\n<div class=\"wp-block-button\"><a class=\"wp-block-button__link wp-element-button\" href=\"https:\/\/cieparacosm.fr\/wp-content\/uploads\/2025\/03\/Dossier-de-diffusion-DM-0225C.pdf\"><strong>DOSSIER<\/strong><\/a><\/div>\n<\/div>\n\n\n\n<div style=\"height:33px\" aria-hidden=\"true\" class=\"wp-block-spacer\"><\/div>\n\n\n\n<figure class=\"wp-block-gallery has-nested-images columns-default is-cropped wp-block-gallery-1 is-layout-flex wp-block-gallery-is-layout-flex\">\n<figure class=\"wp-block-image size-large\"><img loading=\"lazy\" decoding=\"async\" width=\"724\" height=\"1086\" data-id=\"1554\" src=\"https:\/\/cieparacosm.fr\/wp-content\/uploads\/2023\/12\/7FE88BD1-FFD7-4999-AE1C-26089E34C6D9_1_105_c.jpeg\" alt=\"\" class=\"wp-image-1554\" srcset=\"https:\/\/cieparacosm.fr\/wp-content\/uploads\/2023\/12\/7FE88BD1-FFD7-4999-AE1C-26089E34C6D9_1_105_c.jpeg 724w, https:\/\/cieparacosm.fr\/wp-content\/uploads\/2023\/12\/7FE88BD1-FFD7-4999-AE1C-26089E34C6D9_1_105_c-200x300.jpeg 200w, https:\/\/cieparacosm.fr\/wp-content\/uploads\/2023\/12\/7FE88BD1-FFD7-4999-AE1C-26089E34C6D9_1_105_c-683x1024.jpeg 683w\" sizes=\"auto, (max-width: 724px) 100vw, 724px\" \/><\/figure>\n\n\n\n<figure class=\"wp-block-image size-large\"><img loading=\"lazy\" decoding=\"async\" width=\"683\" height=\"1024\" data-id=\"1893\" src=\"https:\/\/cieparacosm.fr\/wp-content\/uploads\/2025\/03\/A83D90BC-58F1-4684-AFD8-2E9DBD5830B0_1_105_c-683x1024.jpeg\" alt=\"\" class=\"wp-image-1893\" srcset=\"https:\/\/cieparacosm.fr\/wp-content\/uploads\/2025\/03\/A83D90BC-58F1-4684-AFD8-2E9DBD5830B0_1_105_c-683x1024.jpeg 683w, https:\/\/cieparacosm.fr\/wp-content\/uploads\/2025\/03\/A83D90BC-58F1-4684-AFD8-2E9DBD5830B0_1_105_c-200x300.jpeg 200w, https:\/\/cieparacosm.fr\/wp-content\/uploads\/2025\/03\/A83D90BC-58F1-4684-AFD8-2E9DBD5830B0_1_105_c.jpeg 724w\" sizes=\"auto, (max-width: 683px) 100vw, 683px\" \/><\/figure>\n\n\n\n<figure class=\"wp-block-image size-large\"><img loading=\"lazy\" decoding=\"async\" width=\"683\" height=\"1024\" data-id=\"1553\" src=\"https:\/\/cieparacosm.fr\/wp-content\/uploads\/2023\/12\/CK2A0056-683x1024.jpeg\" alt=\"\" class=\"wp-image-1553\" srcset=\"https:\/\/cieparacosm.fr\/wp-content\/uploads\/2023\/12\/CK2A0056-683x1024.jpeg 683w, https:\/\/cieparacosm.fr\/wp-content\/uploads\/2023\/12\/CK2A0056-200x300.jpeg 200w, https:\/\/cieparacosm.fr\/wp-content\/uploads\/2023\/12\/CK2A0056-768x1152.jpeg 768w, https:\/\/cieparacosm.fr\/wp-content\/uploads\/2023\/12\/CK2A0056-1024x1536.jpeg 1024w, https:\/\/cieparacosm.fr\/wp-content\/uploads\/2023\/12\/CK2A0056.jpeg 1280w\" sizes=\"auto, (max-width: 683px) 100vw, 683px\" \/><\/figure>\n\n\n\n<figure class=\"wp-block-image size-large\"><img loading=\"lazy\" decoding=\"async\" width=\"1024\" height=\"611\" data-id=\"1558\" src=\"https:\/\/cieparacosm.fr\/wp-content\/uploads\/2023\/12\/P1190451-1024x611.jpeg\" alt=\"\" class=\"wp-image-1558\" srcset=\"https:\/\/cieparacosm.fr\/wp-content\/uploads\/2023\/12\/P1190451-1024x611.jpeg 1024w, https:\/\/cieparacosm.fr\/wp-content\/uploads\/2023\/12\/P1190451-300x179.jpeg 300w, https:\/\/cieparacosm.fr\/wp-content\/uploads\/2023\/12\/P1190451-768x458.jpeg 768w, https:\/\/cieparacosm.fr\/wp-content\/uploads\/2023\/12\/P1190451-1536x917.jpeg 1536w, https:\/\/cieparacosm.fr\/wp-content\/uploads\/2023\/12\/P1190451-2048x1222.jpeg 2048w\" sizes=\"auto, (max-width: 1024px) 100vw, 1024px\" \/><\/figure>\n\n\n\n<figure class=\"wp-block-image size-large\"><img loading=\"lazy\" decoding=\"async\" width=\"1920\" height=\"1280\" data-id=\"1552\" src=\"https:\/\/cieparacosm.fr\/wp-content\/uploads\/2023\/12\/CK2A0100.jpeg\" alt=\"\" class=\"wp-image-1552\" srcset=\"https:\/\/cieparacosm.fr\/wp-content\/uploads\/2023\/12\/CK2A0100.jpeg 1920w, https:\/\/cieparacosm.fr\/wp-content\/uploads\/2023\/12\/CK2A0100-300x200.jpeg 300w, https:\/\/cieparacosm.fr\/wp-content\/uploads\/2023\/12\/CK2A0100-1024x683.jpeg 1024w, https:\/\/cieparacosm.fr\/wp-content\/uploads\/2023\/12\/CK2A0100-768x512.jpeg 768w, https:\/\/cieparacosm.fr\/wp-content\/uploads\/2023\/12\/CK2A0100-1536x1024.jpeg 1536w\" sizes=\"auto, (max-width: 1920px) 100vw, 1920px\" \/><\/figure>\n<\/figure>\n\n\n<div class=\"wp-block-image\">\n<figure class=\"aligncenter size-large\"><img loading=\"lazy\" decoding=\"async\" width=\"1024\" height=\"576\" src=\"https:\/\/cieparacosm.fr\/wp-content\/uploads\/2023\/12\/P1190519-1024x576.jpeg\" alt=\"\" class=\"wp-image-1559\" srcset=\"https:\/\/cieparacosm.fr\/wp-content\/uploads\/2023\/12\/P1190519-1024x576.jpeg 1024w, https:\/\/cieparacosm.fr\/wp-content\/uploads\/2023\/12\/P1190519-300x169.jpeg 300w, https:\/\/cieparacosm.fr\/wp-content\/uploads\/2023\/12\/P1190519-768x432.jpeg 768w, https:\/\/cieparacosm.fr\/wp-content\/uploads\/2023\/12\/P1190519-1536x864.jpeg 1536w, https:\/\/cieparacosm.fr\/wp-content\/uploads\/2023\/12\/P1190519-2048x1152.jpeg 2048w, https:\/\/cieparacosm.fr\/wp-content\/uploads\/2023\/12\/P1190519-1920x1080.jpeg 1920w, https:\/\/cieparacosm.fr\/wp-content\/uploads\/2023\/12\/P1190519-940x528.jpeg 940w\" sizes=\"auto, (max-width: 1024px) 100vw, 1024px\" \/><figcaption class=\"wp-element-caption\">@lionelpesqu\u00e9<\/figcaption><\/figure><\/div>\n\n\n<h3 class=\"wp-block-heading\">le Teaser <\/h3>\n\n\n\n<figure class=\"wp-block-embed is-type-video is-provider-youtube wp-block-embed-youtube wp-embed-aspect-16-9 wp-has-aspect-ratio\"><div class=\"wp-block-embed__wrapper\">\n<iframe loading=\"lazy\" title=\"TEASER 2  Dans moi Cie Paracosm\" width=\"1140\" height=\"641\" src=\"https:\/\/www.youtube.com\/embed\/RqQ1TLXrt70?feature=oembed\" frameborder=\"0\" allow=\"accelerometer; autoplay; clipboard-write; encrypted-media; gyroscope; picture-in-picture; web-share\" referrerpolicy=\"strict-origin-when-cross-origin\" allowfullscreen><\/iframe>\n<\/div><\/figure>\n","protected":false},"excerpt":{"rendered":"<p>Cr\u00e9ation 2023 pour 2 interpr\u00e8tes \/ Dur\u00e9e 45 minutes Chor\u00e9graphie : St\u00e9phanie Bonnetot \/ Assistante \u00e0 la chor\u00e9graphie : Ys\u00e9 Broquin \/ Cr\u00e9ation Musicale : Marie Sigal \/ Cr\u00e9ation Lumi\u00e8re : Manfred Armand \/ Cr\u00e9ation sc\u00e9nographie et costumes : Noelle Camus \/ Regard ext\u00e9rieur : Lou Broquin \/ Photos : Lionel Pesqu\u00e9&nbsp; Coproduction : Odyssud&hellip;<\/p>\n<p><a class=\"more-link\" href=\"https:\/\/cieparacosm.fr\/index.php\/spectacles\/dans-moi\/\">Read More<\/a><\/p>\n","protected":false},"author":2,"featured_media":0,"parent":53,"menu_order":0,"comment_status":"closed","ping_status":"closed","template":"","meta":{"ngg_post_thumbnail":0,"footnotes":""},"class_list":["post-1288","page","type-page","status-publish","hentry"],"_links":{"self":[{"href":"https:\/\/cieparacosm.fr\/index.php\/wp-json\/wp\/v2\/pages\/1288","targetHints":{"allow":["GET"]}}],"collection":[{"href":"https:\/\/cieparacosm.fr\/index.php\/wp-json\/wp\/v2\/pages"}],"about":[{"href":"https:\/\/cieparacosm.fr\/index.php\/wp-json\/wp\/v2\/types\/page"}],"author":[{"embeddable":true,"href":"https:\/\/cieparacosm.fr\/index.php\/wp-json\/wp\/v2\/users\/2"}],"replies":[{"embeddable":true,"href":"https:\/\/cieparacosm.fr\/index.php\/wp-json\/wp\/v2\/comments?post=1288"}],"version-history":[{"count":38,"href":"https:\/\/cieparacosm.fr\/index.php\/wp-json\/wp\/v2\/pages\/1288\/revisions"}],"predecessor-version":[{"id":1907,"href":"https:\/\/cieparacosm.fr\/index.php\/wp-json\/wp\/v2\/pages\/1288\/revisions\/1907"}],"up":[{"embeddable":true,"href":"https:\/\/cieparacosm.fr\/index.php\/wp-json\/wp\/v2\/pages\/53"}],"wp:attachment":[{"href":"https:\/\/cieparacosm.fr\/index.php\/wp-json\/wp\/v2\/media?parent=1288"}],"curies":[{"name":"wp","href":"https:\/\/api.w.org\/{rel}","templated":true}]}}