{"id":1181,"date":"2022-07-08T15:15:58","date_gmt":"2022-07-08T13:15:58","guid":{"rendered":"http:\/\/cieparacosm.fr\/?page_id=1181"},"modified":"2024-03-05T14:20:29","modified_gmt":"2024-03-05T13:20:29","slug":"ma-mere-loye","status":"publish","type":"page","link":"https:\/\/cieparacosm.fr\/index.php\/spectacles\/ma-mere-loye\/","title":{"rendered":"Ma M\u00e8re l&#8217;Oye"},"content":{"rendered":"\n<h1 class=\"has-text-align-center wp-block-heading\"><strong>Ma m\u00e8re l&rsquo;oye<\/strong><\/h1>\n\n\n\n<div class=\"wp-block-media-text is-stacked-on-mobile\"><figure class=\"wp-block-media-text__media\"><img loading=\"lazy\" decoding=\"async\" width=\"640\" height=\"1024\" src=\"https:\/\/cieparacosm.fr\/wp-content\/uploads\/2023\/06\/2305_MAMERELOYE_432-edited-640x1024.jpeg\" alt=\"\" class=\"wp-image-1326 size-full\" srcset=\"https:\/\/cieparacosm.fr\/wp-content\/uploads\/2023\/06\/2305_MAMERELOYE_432-edited-640x1024.jpeg 640w, https:\/\/cieparacosm.fr\/wp-content\/uploads\/2023\/06\/2305_MAMERELOYE_432-edited-188x300.jpeg 188w, https:\/\/cieparacosm.fr\/wp-content\/uploads\/2023\/06\/2305_MAMERELOYE_432-edited-768x1229.jpeg 768w, https:\/\/cieparacosm.fr\/wp-content\/uploads\/2023\/06\/2305_MAMERELOYE_432-edited.jpeg 800w\" sizes=\"auto, (max-width: 640px) 100vw, 640px\" \/><\/figure><div class=\"wp-block-media-text__content\">\n<p style=\"font-size:12px\">Cr\u00e9ation 2022\/23 <\/p>\n\n\n\n<p style=\"font-size:12px\"><em>Pour 5 danseuses et 1 musicienne<br>Spectacle familial pour lieux atypiques<br>Dur\u00e9e : 55 minutes<\/em><br>D&rsquo;apr\u00e8s et autour <em>Ma M\u00e8re l&rsquo;Oye <\/em>de Maurice Ravel<\/p>\n\n\n\n<p style=\"font-size:12px\">Chor\u00e9graphie et sc\u00e9nographie: St\u00e9phanie Bonnetot<br>Assistante \u00e0 la chor\u00e9graphie : Ys\u00e9 Broquin<br>Cr\u00e9ation musicale : Marie Sigal<br>Cr\u00e9ation Costumes : No\u00eblle Camus<br>Photos : Lionel Pesqu\u00e9<br>Interpr\u00e8tes : Ys\u00e9 Broquin, Claire Massias, Salima Nouid\u00e9, Marie Sigal, St\u00e9phanie Bonnetot et T\u00e9sia Peirat<\/p>\n\n\n\n<p style=\"font-size:12px\"><br>Co- production : Festival Cuivres en Pays Basque<\/p>\n\n\n\n<p style=\"font-size:12px\">R\u00e9sidence : Centre Culturel Lalande, P\u00f4le danse Blagnac, Conservatoire de Blagnac,&nbsp;Mairie de Fonsorbes, Mairie de Castanet Tolosan <br><\/p>\n<\/div><\/div>\n\n\n\n<p><\/p>\n\n\n\n<h3 class=\"wp-block-heading\">Le spectacle<\/h3>\n\n\n<p class=\"cvGsUA direction-ltr align-justify para-style-body\" style=\"text-align: justify;\"><span class=\"OYPEnA text-decoration-none text-strikethrough-none\">D\u00e8s notre plus jeune \u00e2ge, nous sommes berc\u00e9s par les histoires de <\/span><span class=\"OYPEnA text-decoration-none text-strikethrough-none\">Ma M\u00e8re l&rsquo;Oye<\/span><span class=\"OYPEnA text-decoration-none text-strikethrough-none\">, du <\/span><span class=\"OYPEnA text-decoration-none text-strikethrough-none\">P\u00e8re Castor<\/span><span class=\"OYPEnA text-decoration-none text-strikethrough-none\">, celles de <\/span><span class=\"OYPEnA text-decoration-none text-strikethrough-none\">Disney<\/span><span class=\"OYPEnA text-decoration-none text-strikethrough-none\"> mais \u00e9galement les contes et l\u00e9gendes traditionnels. Le rejet parfois \u00e9vident de toute vraisemblance ne nous emp\u00eache pas de nous identifier \u00e0 l&rsquo;un ou l&rsquo;autre des personnages : princesse, ogre, h\u00e9ros ou sorci\u00e8re. Ces m\u00e9taphores surnaturelles et oniriques qui racontent souvent le rituel du passage \u00e0 l&rsquo;\u00e2ge adulte nous aident \u00e0 surmonter nos peurs, nos angoisses d&rsquo;enfant ou d&rsquo;adolescent.<\/span><\/p>\n<p class=\"cvGsUA direction-ltr align-justify para-style-body\" style=\"text-align: justify;\"><span class=\"OYPEnA text-decoration-none text-strikethrough-none\">A partir de ce patrimoine commun et universel, nous souhaitons faire vivre une exp\u00e9rience immersive, ludique et po\u00e9tique aux enfants et \u00e0 leur famille. Les contes \u00e9voqu\u00e9s dans l\u2019oeuvre de <\/span><span class=\"OYPEnA text-decoration-none text-strikethrough-none\">Ma M\u00e8re l\u2019Oye<\/span><span class=\"OYPEnA text-decoration-none text-strikethrough-none\"> nous ont servi de base pour \u00e9crire notre propre histoire. Ici, notre h\u00e9ro\u00efne passe une porte magique pour entamer une aventure extraordinaire que toute sa tribu (le public) a v\u00e9cu avant elle : GRANDIR ! Elle part \u00e0 l&rsquo;aventure vers un monde \u00e9trange et color\u00e9 dans lequel elle va croiser de nombreux personnages, \u00eatre absorb\u00e9e, hypnotis\u00e9e, combattre un ogre, et \u00eatre sauv\u00e9e par une f\u00e9e ! Encourag\u00e9e et accompagn\u00e9e par cette famille r\u00e9unie tout sp\u00e9cialement pour ce rituel initiatique, elle surmonte tous les obstacles !<\/span><\/p>\n<p style=\"text-align: justify;\"><span class=\"OYPEnA text-decoration-none text-strikethrough-none\">En faisant appel \u00e0 l&rsquo;imagination des enfants et leur sens de l&rsquo;aventure, <\/span><span class=\"OYPEnA text-decoration-none text-strikethrough-none\">Ma M\u00e8re l&rsquo;Oye<\/span><span class=\"OYPEnA text-decoration-none text-strikethrough-none\"> est comme l&rsquo;a voulu Ravel au moment de sa cr\u00e9ation, un hommage \u00e0 l&rsquo;enfance et \u00e0 ses mondes imaginaires. Avec cette proposition, nous souhaitions faire vivre une aventure collective aux spectateurs.<\/span><\/p>\n\n<div class=\"wp-block-image\">\n<figure class=\"aligncenter size-large\"><img loading=\"lazy\" decoding=\"async\" width=\"1024\" height=\"683\" src=\"https:\/\/cieparacosm.fr\/wp-content\/uploads\/2023\/06\/2305_MAMERELOYE_339-1024x683.jpeg\" alt=\"\" class=\"wp-image-1299\" srcset=\"https:\/\/cieparacosm.fr\/wp-content\/uploads\/2023\/06\/2305_MAMERELOYE_339-1024x683.jpeg 1024w, https:\/\/cieparacosm.fr\/wp-content\/uploads\/2023\/06\/2305_MAMERELOYE_339-300x200.jpeg 300w, https:\/\/cieparacosm.fr\/wp-content\/uploads\/2023\/06\/2305_MAMERELOYE_339-768x512.jpeg 768w, https:\/\/cieparacosm.fr\/wp-content\/uploads\/2023\/06\/2305_MAMERELOYE_339-1536x1024.jpeg 1536w, https:\/\/cieparacosm.fr\/wp-content\/uploads\/2023\/06\/2305_MAMERELOYE_339.jpeg 1920w\" sizes=\"auto, (max-width: 1024px) 100vw, 1024px\" \/><\/figure><\/div>","protected":false},"excerpt":{"rendered":"<p>Ma m\u00e8re l&rsquo;oye Cr\u00e9ation 2022\/23 Pour 5 danseuses et 1 musicienneSpectacle familial pour lieux atypiquesDur\u00e9e : 55 minutesD&rsquo;apr\u00e8s et autour Ma M\u00e8re l&rsquo;Oye de Maurice Ravel Chor\u00e9graphie et sc\u00e9nographie: St\u00e9phanie BonnetotAssistante \u00e0 la chor\u00e9graphie : Ys\u00e9 BroquinCr\u00e9ation musicale : Marie SigalCr\u00e9ation Costumes : No\u00eblle CamusPhotos : Lionel Pesqu\u00e9Interpr\u00e8tes : Ys\u00e9 Broquin, Claire Massias, Salima Nouid\u00e9,&hellip;<\/p>\n<p><a class=\"more-link\" href=\"https:\/\/cieparacosm.fr\/index.php\/spectacles\/ma-mere-loye\/\">Read More<\/a><\/p>\n","protected":false},"author":2,"featured_media":0,"parent":53,"menu_order":0,"comment_status":"closed","ping_status":"closed","template":"","meta":{"ngg_post_thumbnail":0,"footnotes":""},"class_list":["post-1181","page","type-page","status-publish","hentry"],"_links":{"self":[{"href":"https:\/\/cieparacosm.fr\/index.php\/wp-json\/wp\/v2\/pages\/1181","targetHints":{"allow":["GET"]}}],"collection":[{"href":"https:\/\/cieparacosm.fr\/index.php\/wp-json\/wp\/v2\/pages"}],"about":[{"href":"https:\/\/cieparacosm.fr\/index.php\/wp-json\/wp\/v2\/types\/page"}],"author":[{"embeddable":true,"href":"https:\/\/cieparacosm.fr\/index.php\/wp-json\/wp\/v2\/users\/2"}],"replies":[{"embeddable":true,"href":"https:\/\/cieparacosm.fr\/index.php\/wp-json\/wp\/v2\/comments?post=1181"}],"version-history":[{"count":25,"href":"https:\/\/cieparacosm.fr\/index.php\/wp-json\/wp\/v2\/pages\/1181\/revisions"}],"predecessor-version":[{"id":1736,"href":"https:\/\/cieparacosm.fr\/index.php\/wp-json\/wp\/v2\/pages\/1181\/revisions\/1736"}],"up":[{"embeddable":true,"href":"https:\/\/cieparacosm.fr\/index.php\/wp-json\/wp\/v2\/pages\/53"}],"wp:attachment":[{"href":"https:\/\/cieparacosm.fr\/index.php\/wp-json\/wp\/v2\/media?parent=1181"}],"curies":[{"name":"wp","href":"https:\/\/api.w.org\/{rel}","templated":true}]}}