{"id":106,"date":"2018-09-05T13:46:59","date_gmt":"2018-09-05T11:46:59","guid":{"rendered":"http:\/\/cieparacosm.fr\/?page_id=106"},"modified":"2025-03-09T16:58:03","modified_gmt":"2025-03-09T15:58:03","slug":"la-vague","status":"publish","type":"page","link":"https:\/\/cieparacosm.fr\/index.php\/spectacles\/la-vague\/","title":{"rendered":"La Vague"},"content":{"rendered":"\n<figure class=\"wp-block-image size-full is-resized\"><img loading=\"lazy\" decoding=\"async\" width=\"1706\" height=\"2384\" src=\"https:\/\/cieparacosm.fr\/wp-content\/uploads\/2025\/03\/Capture-decran-2025-03-09-a-16.24.19.png\" alt=\"\" class=\"wp-image-1868\" style=\"width:790px;height:auto\" srcset=\"https:\/\/cieparacosm.fr\/wp-content\/uploads\/2025\/03\/Capture-decran-2025-03-09-a-16.24.19.png 1706w, https:\/\/cieparacosm.fr\/wp-content\/uploads\/2025\/03\/Capture-decran-2025-03-09-a-16.24.19-215x300.png 215w, https:\/\/cieparacosm.fr\/wp-content\/uploads\/2025\/03\/Capture-decran-2025-03-09-a-16.24.19-733x1024.png 733w, https:\/\/cieparacosm.fr\/wp-content\/uploads\/2025\/03\/Capture-decran-2025-03-09-a-16.24.19-768x1073.png 768w, https:\/\/cieparacosm.fr\/wp-content\/uploads\/2025\/03\/Capture-decran-2025-03-09-a-16.24.19-1099x1536.png 1099w, https:\/\/cieparacosm.fr\/wp-content\/uploads\/2025\/03\/Capture-decran-2025-03-09-a-16.24.19-1466x2048.png 1466w\" sizes=\"auto, (max-width: 1706px) 100vw, 1706px\" \/><\/figure>\n\n\n\n<p class=\"has-text-align-left\"><strong>Spectacle Chor\u00e9graphique et manipulation de mati\u00e8res<\/strong><\/p>\n\n\n\n<p class=\"has-text-align-left\" style=\"text-align: justify;\">Pour 2 danseuses \/ Dur\u00e9e : 30 minutes<br>Chor\u00e9graphie, sc\u00e9nographie et design sonore : St\u00e9phanie Bonnetot \/ Cr\u00e9ation Lumi\u00e8re : Myriam Naisy \/ R\u00e9gisseur en tourn\u00e9e : Manfred Armand \/ Interpr\u00e8tes : Ys\u00e9 Broquin ou Salima Nouid\u00e9 et St\u00e9phanie Bonnetot \/ Photos : Lionel Pesqu\u00e9 \/ Accueil studio : P\u00f4le Danse CMN &#8211; L\u2019h\u00e9lice. Cette production a re\u00e7u le soutien d\u2019Odyssud Blagnac. Premi\u00e8re repr\u00e9sentation le 16 f\u00e9vrier 2018 au Centre Culturel Alban-Minville Toulouse<\/p>\n\n\n\n<p style=\"text-align: justify;\"><strong>Il existe 2 versions du spectacle : Version plateau et version autonome&nbsp; (\u00e9coles \/ lieux non \u00e9quip\u00e9s)<\/strong><\/p>\n\n\n\n<div class=\"page\" title=\"Page 1\">\n<div class=\"layoutArea\">\n<div class=\"column\">\n<p style=\"text-align: justify;\"><em>Une petit fille et sa maman sont sur une plage baign\u00e9e de lumi\u00e8re. L&rsquo;adulte reste en retrait tandis que l&rsquo;enfant part \u00e0 la d\u00e9couverte de son environnement. C&rsquo;est alors qu&rsquo;une vague le surprend ! \u00ab\u00a0La Vague\u00a0\u00bb est un spectacle doux et po\u00e9tique qui aborde les th\u00e8mes de la d\u00e9couverte du monde, de la force et de la puissance de la nature. Un d\u00e9fi ? O\u00f9 sont les limites ? Le soleil, le sable, les mouettes, le roulis des vagues, le bruit du vent&#8230;autant de sensations, d&rsquo;odeurs , de sons, qui font na\u00eetre de nouvelles \u00e9motions chez les plus petits et de nombreux souvenirs chez les plus grands !<\/em><\/p>\n<blockquote>\n<h3 style=\"text-align: left;\"><em style=\"color: #3366ff; font-size: revert; font-family: -apple-system, BlinkMacSystemFont, 'Segoe UI', Roboto, Oxygen-Sans, Ubuntu, Cantarell, 'Helvetica Neue', sans-serif;\"><strong>\u00ab\u00a0la po\u00e9sie du Littoral, entre vagues, coquillages et crustac\u00e9s, est ici un merveilleux paysage pour initier les tout-petits \u00e0 l&rsquo;art du mouvement.\u00a0\u00bb T\u00e9l\u00e9rama<\/strong><\/em><\/h3>\n<\/blockquote>\n<\/div>\n<\/div>\n<\/div>\n\n\n\n<div class=\"wp-block-buttons is-content-justification-left is-layout-flex wp-container-core-buttons-is-layout-fdcfc74e wp-block-buttons-is-layout-flex\">\n<div class=\"wp-block-button\"><a class=\"wp-block-button__link wp-element-button\" href=\"https:\/\/cieparacosm.fr\/wp-content\/uploads\/2025\/03\/Dossier-de-diffusion-LVC.pdf\"><strong>DOSSIER<\/strong><\/a><\/div>\n<\/div>\n\n\n\n<div style=\"height:18px\" aria-hidden=\"true\" class=\"wp-block-spacer\"><\/div>\n\n\n\n<figure class=\"wp-block-gallery has-nested-images columns-default is-cropped wp-block-gallery-1 is-layout-flex wp-block-gallery-is-layout-flex\">\n<figure class=\"wp-block-image size-full\"><img loading=\"lazy\" decoding=\"async\" width=\"1024\" height=\"768\" data-id=\"1866\" src=\"https:\/\/cieparacosm.fr\/wp-content\/uploads\/2025\/03\/8065FD9B-F970-4D47-9213-A55C93F9BCD8_1_105_c.jpeg\" alt=\"\" class=\"wp-image-1866\" srcset=\"https:\/\/cieparacosm.fr\/wp-content\/uploads\/2025\/03\/8065FD9B-F970-4D47-9213-A55C93F9BCD8_1_105_c.jpeg 1024w, https:\/\/cieparacosm.fr\/wp-content\/uploads\/2025\/03\/8065FD9B-F970-4D47-9213-A55C93F9BCD8_1_105_c-300x225.jpeg 300w, https:\/\/cieparacosm.fr\/wp-content\/uploads\/2025\/03\/8065FD9B-F970-4D47-9213-A55C93F9BCD8_1_105_c-768x576.jpeg 768w\" sizes=\"auto, (max-width: 1024px) 100vw, 1024px\" \/><\/figure>\n\n\n\n<figure class=\"wp-block-image size-large\"><img loading=\"lazy\" decoding=\"async\" width=\"675\" height=\"900\" data-id=\"1059\" src=\"https:\/\/cieparacosm.fr\/wp-content\/uploads\/2022\/07\/LV.5\u00a9LionelPesqu\u00e9.jpg\" alt=\"\" class=\"wp-image-1059\" srcset=\"https:\/\/cieparacosm.fr\/wp-content\/uploads\/2022\/07\/LV.5\u00a9LionelPesqu\u00e9.jpg 675w, https:\/\/cieparacosm.fr\/wp-content\/uploads\/2022\/07\/LV.5\u00a9LionelPesqu\u00e9-225x300.jpg 225w\" sizes=\"auto, (max-width: 675px) 100vw, 675px\" \/><\/figure>\n\n\n\n<figure class=\"wp-block-image size-large\"><img loading=\"lazy\" decoding=\"async\" width=\"900\" height=\"675\" data-id=\"1060\" src=\"https:\/\/cieparacosm.fr\/wp-content\/uploads\/2022\/07\/LV.6\u00a9LionelPesqu\u00e9.jpg\" alt=\"\" class=\"wp-image-1060\" srcset=\"https:\/\/cieparacosm.fr\/wp-content\/uploads\/2022\/07\/LV.6\u00a9LionelPesqu\u00e9.jpg 900w, https:\/\/cieparacosm.fr\/wp-content\/uploads\/2022\/07\/LV.6\u00a9LionelPesqu\u00e9-300x225.jpg 300w, https:\/\/cieparacosm.fr\/wp-content\/uploads\/2022\/07\/LV.6\u00a9LionelPesqu\u00e9-768x576.jpg 768w\" sizes=\"auto, (max-width: 900px) 100vw, 900px\" \/><\/figure>\n\n\n\n<figure class=\"wp-block-image size-large\"><img loading=\"lazy\" decoding=\"async\" width=\"866\" height=\"1154\" data-id=\"1057\" src=\"https:\/\/cieparacosm.fr\/wp-content\/uploads\/2022\/07\/LV.3\u00a9LionelPesqu\u00e9.jpg\" alt=\"\" class=\"wp-image-1057\" srcset=\"https:\/\/cieparacosm.fr\/wp-content\/uploads\/2022\/07\/LV.3\u00a9LionelPesqu\u00e9.jpg 866w, https:\/\/cieparacosm.fr\/wp-content\/uploads\/2022\/07\/LV.3\u00a9LionelPesqu\u00e9-225x300.jpg 225w, https:\/\/cieparacosm.fr\/wp-content\/uploads\/2022\/07\/LV.3\u00a9LionelPesqu\u00e9-768x1024.jpg 768w\" sizes=\"auto, (max-width: 866px) 100vw, 866px\" \/><\/figure>\n\n\n\n<figure class=\"wp-block-image size-large\"><img loading=\"lazy\" decoding=\"async\" width=\"900\" height=\"675\" data-id=\"1061\" src=\"https:\/\/cieparacosm.fr\/wp-content\/uploads\/2022\/07\/LV.7\u00a9LionelPesqu\u00e9.jpg\" alt=\"\" class=\"wp-image-1061\" srcset=\"https:\/\/cieparacosm.fr\/wp-content\/uploads\/2022\/07\/LV.7\u00a9LionelPesqu\u00e9.jpg 900w, https:\/\/cieparacosm.fr\/wp-content\/uploads\/2022\/07\/LV.7\u00a9LionelPesqu\u00e9-300x225.jpg 300w, https:\/\/cieparacosm.fr\/wp-content\/uploads\/2022\/07\/LV.7\u00a9LionelPesqu\u00e9-768x576.jpg 768w\" sizes=\"auto, (max-width: 900px) 100vw, 900px\" \/><\/figure>\n\n\n\n<figure class=\"wp-block-image size-large\"><img loading=\"lazy\" decoding=\"async\" width=\"900\" height=\"675\" data-id=\"1063\" src=\"https:\/\/cieparacosm.fr\/wp-content\/uploads\/2022\/07\/LV.10\u00a9LionelPesqu\u00e9.jpg\" alt=\"\" class=\"wp-image-1063\" srcset=\"https:\/\/cieparacosm.fr\/wp-content\/uploads\/2022\/07\/LV.10\u00a9LionelPesqu\u00e9.jpg 900w, https:\/\/cieparacosm.fr\/wp-content\/uploads\/2022\/07\/LV.10\u00a9LionelPesqu\u00e9-300x225.jpg 300w, https:\/\/cieparacosm.fr\/wp-content\/uploads\/2022\/07\/LV.10\u00a9LionelPesqu\u00e9-768x576.jpg 768w\" sizes=\"auto, (max-width: 900px) 100vw, 900px\" \/><\/figure>\n<figcaption class=\"blocks-gallery-caption wp-element-caption\">@lionelpesqu\u00e9<\/figcaption><\/figure>\n\n\n<h3><strong>le Teaser<\/strong><\/h3>\n\n\n<figure class=\"wp-block-embed is-type-video is-provider-youtube wp-block-embed-youtube wp-embed-aspect-16-9 wp-has-aspect-ratio\"><div class=\"wp-block-embed__wrapper\">\n<iframe loading=\"lazy\" title=\"TEASER La Vague   Cie Paracosm\" width=\"1140\" height=\"641\" src=\"https:\/\/www.youtube.com\/embed\/_5P3RE-bGAA?feature=oembed\" frameborder=\"0\" allow=\"accelerometer; autoplay; clipboard-write; encrypted-media; gyroscope; picture-in-picture; web-share\" referrerpolicy=\"strict-origin-when-cross-origin\" allowfullscreen><\/iframe>\n<\/div><\/figure>\n","protected":false},"excerpt":{"rendered":"<p>Spectacle Chor\u00e9graphique et manipulation de mati\u00e8res Pour 2 danseuses \/ Dur\u00e9e : 30 minutesChor\u00e9graphie, sc\u00e9nographie et design sonore : St\u00e9phanie Bonnetot \/ Cr\u00e9ation Lumi\u00e8re : Myriam Naisy \/ R\u00e9gisseur en tourn\u00e9e : Manfred Armand \/ Interpr\u00e8tes : Ys\u00e9 Broquin ou Salima Nouid\u00e9 et St\u00e9phanie Bonnetot \/ Photos : Lionel Pesqu\u00e9 \/ Accueil studio : P\u00f4le&hellip;<\/p>\n<p><a class=\"more-link\" href=\"https:\/\/cieparacosm.fr\/index.php\/spectacles\/la-vague\/\">Read More<\/a><\/p>\n","protected":false},"author":1,"featured_media":0,"parent":53,"menu_order":0,"comment_status":"closed","ping_status":"closed","template":"","meta":{"ngg_post_thumbnail":0,"footnotes":""},"class_list":["post-106","page","type-page","status-publish","hentry"],"_links":{"self":[{"href":"https:\/\/cieparacosm.fr\/index.php\/wp-json\/wp\/v2\/pages\/106","targetHints":{"allow":["GET"]}}],"collection":[{"href":"https:\/\/cieparacosm.fr\/index.php\/wp-json\/wp\/v2\/pages"}],"about":[{"href":"https:\/\/cieparacosm.fr\/index.php\/wp-json\/wp\/v2\/types\/page"}],"author":[{"embeddable":true,"href":"https:\/\/cieparacosm.fr\/index.php\/wp-json\/wp\/v2\/users\/1"}],"replies":[{"embeddable":true,"href":"https:\/\/cieparacosm.fr\/index.php\/wp-json\/wp\/v2\/comments?post=106"}],"version-history":[{"count":86,"href":"https:\/\/cieparacosm.fr\/index.php\/wp-json\/wp\/v2\/pages\/106\/revisions"}],"predecessor-version":[{"id":1885,"href":"https:\/\/cieparacosm.fr\/index.php\/wp-json\/wp\/v2\/pages\/106\/revisions\/1885"}],"up":[{"embeddable":true,"href":"https:\/\/cieparacosm.fr\/index.php\/wp-json\/wp\/v2\/pages\/53"}],"wp:attachment":[{"href":"https:\/\/cieparacosm.fr\/index.php\/wp-json\/wp\/v2\/media?parent=106"}],"curies":[{"name":"wp","href":"https:\/\/api.w.org\/{rel}","templated":true}]}}